{"id":574,"date":"2014-10-01T16:30:42","date_gmt":"2014-10-01T14:30:42","guid":{"rendered":"http:\/\/www.def-shop.com\/magazin\/?page_id=574"},"modified":"2018-12-20T13:38:15","modified_gmt":"2018-12-20T12:38:15","slug":"teilnahmebedingungen","status":"publish","type":"page","link":"https:\/\/www.def-shop.com\/magazin\/teilnahmebedingungen\/","title":{"rendered":"Teilnahmebedingungen"},"content":{"rendered":"<p>Allgemeine Teilnahmebedingungen f\u00fcr Gewinnspiele der DefShop\u00a0GmbH<\/p>\n<p>1. Geltungsbereich<\/p>\n<p>1.1. Diese Allgemeinen Teilnahmebedingungen f\u00fcr Gewinnspiele gelten f\u00fcr die Teilnahme an allen von der DefShop GmbH (nachfolgend DefShop genannt) veranstalteten Gewinnspielen, soweit im betreffenden Gewinnspiel und dessen Beschreibung nicht etwas anderes ausdr\u00fccklich bestimmt wird.<\/p>\n<p>1.2. Diese Allgemeinen Teilnahmebedingungen gelten gegebenenfalls erg\u00e4nzend zu besonderen Teilnahmebedingungen, falls und soweit solche mit dem jeweiligen Gewinnspiel bekanntgegeben wurden. Jeder Teilnehmer erkennt mit Setzen des H\u00e4kchens bei der Anmeldung zum Gewinnspiel diese Teilnahmebedingungen sowie die bei jedem Gewinnspiel gesondert genannte Teilnahmefrist an.<\/p>\n<p>2. Teilnahme<\/p>\n<p>2.1 Teilnehmen kann jede vollj\u00e4hrige nat\u00fcrliche Person mit Wohnsitz in der Bundesrepublik Deutschland, in der Schweiz oder in \u00d6sterreich.<\/p>\n<p>2.2 Die Teilnahme an entgeltlichen Gewinnspielen (im Sinne der Gewinnspielsatzung der Landesmedienanstalten) ist grunds\u00e4tzlich erst ab einem Alter von 14 Jahren gestattet. Minderj\u00e4hrige ab einem Alter von 14 Jahren sind, vorbehaltlich einschl\u00e4giger gesetzlicher Bestimmungen, zur Teilnahme nur dann berechtigt, wenn DefShop dies im Rahmen des jeweiligen Gewinnspiels ausdr\u00fccklich zul\u00e4sst und der gesetzliche Vertreter der Teilnahme zustimmt.<\/p>\n<p>2.3 Von der Teilnahme ausgeschlossen sind Mitarbeiter von DefShop, verbundene Unternehmen und eventuelle Kooperationspartner sowie deren jeweilige Angeh\u00f6rige.<\/p>\n<p>2.4 Die Teilnahme ist kostenlos und freiwillig. Die Teilnahme erfolgt durch die Eingabe und das Absenden der hierf\u00fcr erforderlichen Daten auf der jeweiligen Gewinnspielseite. Erforderliche Daten sind in jedem Fall der Name des Teilnehmers, sein Geburtsdatum und seine E-Mail-Adresse. Sind die erforderlichen Daten nicht vollst\u00e4ndig, ist eine Teilnahme nicht m\u00f6glich. F\u00fcr die Richtigkeit der angegebenen Daten ist der Teilnehmer selbst verantwortlich. Jeder Teilnehmer darf pro Gewinnspiel nur einmal teilnehmen. Ein Teilnehmer kann in demselben Gewinnspiel nicht mehrfach gewinnen.<\/p>\n<p>2.5 Mit Zusendung von Materialien (Bilder, Videos, Texte etc.) im Rahmen eines Gewinnspiels r\u00e4umt jeder Teilnehmer DefShop ein nichtexklusives, r\u00e4umlich und zeitlich unbeschr\u00e4nktes und unentgeltliches Nutzungsrecht an dem zugesandten Material ein, insbesondere das Recht, die Materialien \u2013 vollst\u00e4ndig oder in Teilen \u2013 im Zusammenhang mit dem Gewinnspiel, mit der Ver\u00f6ffentlichung der Ergebnisse und mit dem Gewinnspiel verbundenen Werbema\u00dfnahmen von DefShop (z.B. auf der DefShop-Website, auf Messen, in Printmedien jeder Art, innerhalb von Newslettern, auf Fanseiten bei Facebook, Google+ und anderen sozialen Netzwerken sowie in Anwendungen f\u00fcr mobile Empfangsger\u00e4te) zu nutzen. Umfasst ist insbesondere das Recht zur Vervielf\u00e4ltigung und Verbreitung, zur \u00f6ffentlichen Wiedergabe, zur \u00f6ffentlichen Zug\u00e4nglichmachung, zur Sendung und Weitersendung, zum Vortrag und zur Vorf\u00fchrung sowie zur Bearbeitung der Inhalte. Der Teilnehmer kann die Rechteeinr\u00e4umung jederzeit \u2013 auch bereits mit Zusendung der Materialien \u2013 mit Wirkung f\u00fcr die Zukunft wiederrufen.<\/p>\n<p>2.6 Der Teilnehmer versichert, dass er die f\u00fcr die Rechteeinr\u00e4umung nach 2.5 erforderlichen Rechte an den Inhalten hat und keine Rechte Dritter entgegenstehen. Im Hinblick auf Bilder, auf denen Personen zu sehen sind, versichert er, dass diese Personen mit der Ver\u00f6ffentlichung einverstanden sind. Der Teilnehmer verpflichtet sich, DefShop von allen Anspr\u00fcchen freizuhalten, die Dritte wegen entgegenstehender Rechte gegen\u00fcber DefShop geltend machen. Das umfasst auch die Erstattung von Kosten notwendiger rechtlicher Vertretung und Prozessf\u00fchrung.<\/p>\n<p>3. Durchf\u00fchrung &amp; Gewinn<\/p>\n<p>3.1 F\u00fcr die Verlosung werden nur Teilnehmer ber\u00fccksichtigt, die innerhalb der jeweiligen Teilnahmefrist alle erforderlichen Angaben auf der Gewinnspielseite von DefShop hinterlegt haben.<\/p>\n<p>3.2 Die Ermittlung der Gewinner erfolgt durch DefShop, deren Mitarbeiter, Erf\u00fcllungsgehilfen oder beauftragte Dritte. Die Methode der Gewinner-Ermittlung steht im alleinigen Ermessen von DefShop. Die Methode, die Durchf\u00fchrung und das Ergebnis der Gewinner-Ermittlung sind nicht gerichtlich \u00fcberpr\u00fcfbar. Es besteht insbesondere aufgrund der blo\u00dfen Teilnahme an einem Gewinnspiel kein Rechtsanspruch auf einen Gewinn.<\/p>\n<p>3.3 Unter allen Einsendungen entscheidet nach dem Ende der jeweiligen Teilnahmefrist entweder das Los oder \u2013 wenn Leistungen der Teilnehmer f\u00fcr den Gewinn ausschlaggebend sind \u2013 eine von DefShop bestimmte Jury.<\/p>\n<p>3.4 Die Gewinner werden von DefShop angeschrieben. Sollte sich ein Gewinner innerhalb von 14 Tagen nach der Benachrichtigung nicht melden, so verf\u00e4llt der Anspruch auf den Gewinn und es wird ein Ersatzgewinner ausgelost. Bei abweichenden Fristen wird auf der Webseite des Gewinnspiels oder in der Gewinnbenachrichtigung des entsprechenden Gewinnspiels darauf hingewiesen.<\/p>\n<p>3.5 Ermittelte Teilnehmer werden telefonisch, per E-Mail oder schriftlich per Post oder Fax benachrichtigt. Jeder so benachrichtigte Teilnehmer erkl\u00e4rt sich bereit, DefShop unverz\u00fcglich mitzuteilen, ob er den Gewinn annimmt. Falls DefShop innerhalb der angegebenen Wartezeit keine solche Mitteilung erh\u00e4lt, verf\u00e4llt die M\u00f6glichkeit der Annahme des Gewinns und DefShop beh\u00e4lt sich vor, einen anderen Teilnehmer zu ermitteln und entsprechend zu benachrichtigen. Der urspr\u00fcnglich ermittelte Gewinner hat insofern keine Ersatzanspr\u00fcche. Sofern die Angabe der Adresse f\u00fcr die Zusendung des Gewinns notwendig ist, ist der Teilnehmer f\u00fcr die Richtigkeit der angegebenen Adresse verantwortlich. Die Gewinnbenachrichtigung und die Bekanntgabe der Gewinner erfolgen ohne Gew\u00e4hr f\u00fcr die Richtigkeit.<\/p>\n<p>3.6 Der im Gewinnspiel pr\u00e4sentierte Gewinn ist nicht zwingend mit dem gewonnenen Gegenstand identisch. Geringf\u00fcgige Abweichungen bei gleichwertigem Gegenstand insbesondere im Modell, Farbe und Ausstattung und \u00c4hnlichem sind m\u00f6glich.<\/p>\n<p>3.7 Der Gewinn beschr\u00e4nkt sich auf den von DefShop ausdr\u00fccklich angegebenen Umfang. Etwaige dem Gewinner bei und\/oder durch die Nutzung des Gewinns entstehende (Folge-)Kosten sind nur dann umfasst, wenn dies ausdr\u00fccklich im Gewinnspiel angegeben wurde.<\/p>\n<p>3.8 Eine Barauszahlung des Gewinnwertes und ein Umtausch des Gewinns sind ausgeschlossen. Eine Verrechnung von eventuellen Gutscheinen gegen Bargeld ist ebenfalls ausgeschlossen. Kann der Gewinn vom Gewinner nicht wahrgenommen (z.B. wegen Zeitablauf) oder beim zweiten Zustellversuch nicht angenommen werden, verf\u00e4llt er ersatzlos. Der Gewinn ist nicht \u00fcbertragbar.<\/p>\n<p>3.9 DefShop beh\u00e4lt sich vor, die Namen der Gewinner \u00f6ffentlich bekannt zu geben. Die Teilnehmer erkl\u00e4ren sich hiermit einverstanden.<\/p>\n<p>3.10 Der Versand des Gewinns erfolgt ausschlie\u00dflich innerhalb der Bundesrepublik Deutschlands, in die Schweiz und nach \u00d6sterreich. Der Versand ist f\u00fcr den Gewinner kostenlos und erfolgt auf dessen Gefahr. DefShop \u00fcbernimmt keine Haftung f\u00fcr Transportsch\u00e4den.<\/p>\n<p>4. Vorzeitige Beendigung, Ausschluss<\/p>\n<p>4.1 DefShop beh\u00e4lt sich vor, diese Allgemeinen Teilnahmebedingungen jederzeit zu \u00e4ndern. Weiterhin beh\u00e4lt sich DefShop das Recht vor, das Gewinnspiel bzw. die Verlosung jederzeit ohne Vorank\u00fcndigung und ohne Angabe von Gr\u00fcnden abzubrechen oder zu beenden. Dies gilt insbesondere, falls eine ordnungsgem\u00e4\u00dfe Durchf\u00fchrung aus technischen oder rechtlichen Gr\u00fcnden nicht gew\u00e4hrleistet werden kann. Den Teilnehmern stehen in einem solchen Fall keinerlei Anspr\u00fcche gegen DefShop zu.<\/p>\n<p>4.2 DefShop beh\u00e4lt sich vor, Teilnehmer bei Vorliegen hinreichender Gr\u00fcnde von der Teilnahme am Gewinnspiel auszuschlie\u00dfen. Dies gilt insbesondere bei Verst\u00f6\u00dfen gegen die Teilnahmebedingungen oder falls sich Teilnehmer der Manipulation oder anderer unredlicher Hilfsmittel bedienen. DefShop kann einen solchen Ausschluss auch nachtr\u00e4glich aussprechen, Gewinne wieder aberkennen und diese zur\u00fcckfordern.<\/p>\n<p>5. Datenschutz<\/p>\n<p>5.1 DefShop respektiert die Privatsph\u00e4re der Teilnehmer und f\u00fchlt sich dem Datenschutz verpflichtet. Allerdings ist es zur Durchf\u00fchrung von Gewinnspielen unumg\u00e4nglich, dass der Nutzer nach personenbezogenen Daten gefragt wird. Personenbezogene Daten sind zum Beispiel der Name, Anschrift und Alter des Nutzers, ohne deren Kenntnis Gewinner nicht ermittelt werden k\u00f6nnen. Der Teilnehmer erkl\u00e4rt sich mit seiner Teilnahme mit der Speicherung und Verwendung seiner personenbezogenen Daten zur Durchf\u00fchrung des Gewinnspiels einverstanden. In jedem Fall verpflichtet sich DefShop, pers\u00f6nliche Daten vertraulich zu behandeln und ausschlie\u00dflich gem\u00e4\u00df den strengen gesetzlichen Bestimmungen zu verwenden. Nach Ablauf des Gewinnspiels und der Aussendung der Gewinne werden jegliche angegebene Daten der Teilnehmer gel\u00f6scht.<\/p>\n<p>5.2 Eine Weitergabe der Daten an Dritte findet nicht statt. Sollte der Versand der Gewinne von externen Dritten bewerkstelligt werden, so beh\u00e4lt sich DefShop vor, die daf\u00fcr n\u00f6tigen Daten entsprechend weiterzuleiten.<\/p>\n<p>5.4 Auf Wunsch erteilt DefShop jedem Teilnehmer unentgeltlich Auskunft \u00fcber alle personenbezogenen Daten, die von ihm gespeichert wurden und wird diese auf Anfrage umgehend unentgeltlich vernichten. Hierzu gen\u00fcgt eine formlose Nachricht per E-Mail an info@def-shop.com<\/p>\n<p>6. Haftungsbeschr\u00e4nkungen<\/p>\n<p>Eine Haftung von DefShop \u2013 gleich aus welchem Rechtsgrund \u2013 besteht nur, wenn ein Schaden durch schuldhafte Verletzung einer vertragswesentlichen Pflicht (Kardinalpflicht) in einer des Erreichen des Vertragszwecks gef\u00e4hrdenden Weise verursacht wurde oder auf Vorsatz oder grobe Fahrl\u00e4ssigkeit zur\u00fcckzuf\u00fchren ist. Die vorstehende Haftungsbeschr\u00e4nkung gilt nicht bei schuldhafter Verletzung von Leben, K\u00f6rper und Gesundheit, f\u00fcr Haftungsanspr\u00fcche nach dem Produkthaftungsgesetz sowie im Falle einer vertraglich vereinbarten verschuldensunabh\u00e4ngigen Einstandspflicht oder wenn der betreffende haftungsbegr\u00fcndende Umstand arglistig verschwiegen wurde. Soweit die Haftung von DefShop gem\u00e4\u00df den Regelungen zu diesem Haftungsausschluss ausgeschlossen oder beschr\u00e4nkt ist, gilt dies auch f\u00fcr die Haftung von Defshop f\u00fcr Handlungen von Organen, Arbeitnehmern, Vertretern und Erf\u00fcllungsgehilfen sowie f\u00fcr deren pers\u00f6nliche Haftung. Eine Haftung von Defshop \u00fcber das gesetzlich geforderte Ma\u00df hinaus wird durch die vorstehenden Regelungen nicht begr\u00fcndet.<\/p>\n<p>7. Sonstiges<\/p>\n<p>F\u00fcr die Durchf\u00fchrung von Gewinnspielen durch DefShop gilt ausschlie\u00dflich das Recht der Bundesrepublik Deutschland. Sollten einzelne Bestimmungen der Teilnahmebedingungen ung\u00fcltig sein oder ung\u00fcltig werden, bleibt die G\u00fcltigkeit der \u00fcbrigen Teilnahmebedingungen unber\u00fchrt. An ihre Stelle tritt eine angemessene Regelung, die dem Zweck der unwirksamen Bestimmung am ehesten entspricht.<\/p>\n<p>\u2013 Ende Allgemeine Teilnahmebedingungen f\u00fcr Gewinnspiele von DefShop &#8211;<\/p>\n","protected":false},"excerpt":{"rendered":"<p>Allgemeine Teilnahmebedingungen f\u00fcr Gewinnspiele der DefShop\u00a0GmbH 1. Geltungsbereich 1.1. Diese Allgemeinen Teilnahmebedingungen f\u00fcr Gewinnspiele gelten f\u00fcr die Teilnahme an allen von der DefShop GmbH (nachfolgend DefShop genannt) veranstalteten Gewinnspielen, soweit im betreffenden Gewinnspiel und dessen Beschreibung nicht etwas anderes ausdr\u00fccklich bestimmt wird. 1.2. Diese Allgemeinen Teilnahmebedingungen gelten gegebenenfalls erg\u00e4nzend zu besonderen Teilnahmebedingungen, falls und soweit [&#8230;]<\/p>\n","protected":false},"author":9,"featured_media":0,"parent":0,"menu_order":0,"comment_status":"closed","ping_status":"open","template":"","meta":[],"_links":{"self":[{"href":"https:\/\/www.def-shop.com\/magazin\/wp-json\/wp\/v2\/pages\/574"}],"collection":[{"href":"https:\/\/www.def-shop.com\/magazin\/wp-json\/wp\/v2\/pages"}],"about":[{"href":"https:\/\/www.def-shop.com\/magazin\/wp-json\/wp\/v2\/types\/page"}],"author":[{"embeddable":true,"href":"https:\/\/www.def-shop.com\/magazin\/wp-json\/wp\/v2\/users\/9"}],"replies":[{"embeddable":true,"href":"https:\/\/www.def-shop.com\/magazin\/wp-json\/wp\/v2\/comments?post=574"}],"version-history":[{"count":3,"href":"https:\/\/www.def-shop.com\/magazin\/wp-json\/wp\/v2\/pages\/574\/revisions"}],"predecessor-version":[{"id":29048,"href":"https:\/\/www.def-shop.com\/magazin\/wp-json\/wp\/v2\/pages\/574\/revisions\/29048"}],"wp:attachment":[{"href":"https:\/\/www.def-shop.com\/magazin\/wp-json\/wp\/v2\/media?parent=574"}],"curies":[{"name":"wp","href":"https:\/\/api.w.org\/{rel}","templated":true}]}}